{"id":71,"date":"2024-12-27T21:52:50","date_gmt":"2024-12-27T18:52:50","guid":{"rendered":"https:\/\/www.godepres.com\/?page_id=71"},"modified":"2025-04-09T04:52:51","modified_gmt":"2025-04-09T01:52:51","slug":"hakkimizda","status":"publish","type":"page","link":"https:\/\/www.godepres.com\/?page_id=71","title":{"rendered":"Hakk\u0131m\u0131zda"},"content":{"rendered":"\t\t<div data-elementor-type=\"wp-page\" data-elementor-id=\"71\" class=\"elementor elementor-71\" data-elementor-post-type=\"page\">\n\t\t\t\t\t\t<section class=\"elementor-section elementor-top-section elementor-element elementor-element-485e5b4 elementor-section-full_width elementor-section-height-default elementor-section-height-default\" data-id=\"485e5b4\" data-element_type=\"section\">\n\t\t\t\t\t\t<div class=\"elementor-container elementor-column-gap-no\">\n\t\t\t\t\t<div class=\"elementor-column elementor-col-100 elementor-top-column elementor-element elementor-element-bd41eb4\" data-id=\"bd41eb4\" data-element_type=\"column\">\n\t\t\t<div class=\"elementor-widget-wrap elementor-element-populated\">\n\t\t\t\t\t\t<div class=\"elementor-element elementor-element-df7dfa5 animated-fast elementor--h-position-center elementor--v-position-middle elementor-arrows-position-inside elementor-pagination-position-inside elementor-widget elementor-widget-slides\" data-id=\"df7dfa5\" data-element_type=\"widget\" data-settings=\"{&quot;_animation&quot;:&quot;none&quot;,&quot;navigation&quot;:&quot;both&quot;,&quot;autoplay&quot;:&quot;yes&quot;,&quot;pause_on_hover&quot;:&quot;yes&quot;,&quot;pause_on_interaction&quot;:&quot;yes&quot;,&quot;autoplay_speed&quot;:5000,&quot;infinite&quot;:&quot;yes&quot;,&quot;transition&quot;:&quot;slide&quot;,&quot;transition_speed&quot;:500}\" data-widget_type=\"slides.default\">\n\t\t\t\t<div class=\"elementor-widget-container\">\n\t\t\t\t\t\t\t\t\t<div class=\"elementor-swiper\">\n\t\t\t\t\t<div class=\"elementor-slides-wrapper elementor-main-swiper swiper\" role=\"region\" aria-roledescription=\"carousel\" aria-label=\"Slides\" dir=\"ltr\" data-animation=\"fadeInUp\">\n\t\t\t\t<div class=\"swiper-wrapper elementor-slides\">\n\t\t\t\t\t\t\t\t\t\t<div class=\"elementor-repeater-item-d7d1e09 swiper-slide\" role=\"group\" aria-roledescription=\"slide\"><div class=\"swiper-slide-bg elementor-ken-burns elementor-ken-burns--in\" role=\"img\"><\/div><div class=\"elementor-background-overlay\"><\/div><div class=\"swiper-slide-inner\" ><div class=\"swiper-slide-contents\"><div class=\"elementor-slide-heading\">Gode \u0130htiya\u00e7lar\u0131n\u0131z \u0130\u00e7in Tek Adres<\/div><div class=\"elementor-slide-description\">Metalde size \u00f6zel \u00e7\u00f6z\u00fcmler!<\/div><\/div><\/div><\/div>\t\t\t\t<\/div>\n\t\t\t\t\t\t\t<\/div>\n\t\t\t\t<\/div>\n\t\t\t\t\t\t\t\t<\/div>\n\t\t\t\t<\/div>\n\t\t\t\t\t<\/div>\n\t\t<\/div>\n\t\t\t\t\t<\/div>\n\t\t<\/section>\n\t\t\t\t<section class=\"elementor-section elementor-top-section elementor-element elementor-element-8f30d75 elementor-section-boxed elementor-section-height-default elementor-section-height-default\" data-id=\"8f30d75\" data-element_type=\"section\">\n\t\t\t\t\t\t<div class=\"elementor-container elementor-column-gap-default\">\n\t\t\t\t\t<div class=\"elementor-column elementor-col-100 elementor-top-column elementor-element elementor-element-2f92dd3\" data-id=\"2f92dd3\" data-element_type=\"column\">\n\t\t\t<div class=\"elementor-widget-wrap elementor-element-populated\">\n\t\t\t\t\t\t<div class=\"elementor-element elementor-element-6c923d2 elementor-widget elementor-widget-heading\" data-id=\"6c923d2\" data-element_type=\"widget\" data-widget_type=\"heading.default\">\n\t\t\t\t<div class=\"elementor-widget-container\">\n\t\t\t\t\t<h2 class=\"elementor-heading-title elementor-size-default\">Hakk\u0131m\u0131zda<br><\/h2>\t\t\t\t<\/div>\n\t\t\t\t<\/div>\n\t\t\t\t\t<\/div>\n\t\t<\/div>\n\t\t\t\t\t<\/div>\n\t\t<\/section>\n\t\t\t\t<section class=\"elementor-section elementor-top-section elementor-element elementor-element-f2bc851 elementor-section-boxed elementor-section-height-default elementor-section-height-default\" data-id=\"f2bc851\" data-element_type=\"section\">\n\t\t\t\t\t\t<div class=\"elementor-container elementor-column-gap-default\">\n\t\t\t\t\t<div class=\"elementor-column elementor-col-100 elementor-top-column elementor-element elementor-element-19d0786\" data-id=\"19d0786\" data-element_type=\"column\">\n\t\t\t<div class=\"elementor-widget-wrap elementor-element-populated\">\n\t\t\t\t\t\t<section class=\"elementor-section elementor-inner-section elementor-element elementor-element-17a0f27 elementor-section-boxed elementor-section-height-default elementor-section-height-default\" data-id=\"17a0f27\" data-element_type=\"section\">\n\t\t\t\t\t\t<div class=\"elementor-container elementor-column-gap-default\">\n\t\t\t\t\t<div class=\"elementor-column elementor-col-100 elementor-inner-column elementor-element elementor-element-333ee1b\" data-id=\"333ee1b\" data-element_type=\"column\">\n\t\t\t<div class=\"elementor-widget-wrap elementor-element-populated\">\n\t\t\t\t\t\t<div class=\"elementor-element elementor-element-12af20e elementor-widget__width-initial elementor-widget elementor-widget-text-editor\" data-id=\"12af20e\" data-element_type=\"widget\" data-widget_type=\"text-editor.default\">\n\t\t\t\t<div class=\"elementor-widget-container\">\n\t\t\t\t\t\t\t\t\t<p style=\"font-size: 18px;\">Kal\u0131p ve eksantrik pres makineleri ile metal, tonlarca bas\u0131n\u00e7 alt\u0131nda \u015fekillendirilmektedir. Bu i\u015flem delme, b\u00fckme, kabartma ve flan\u015flama gibi bir\u00e7ok \u015fekillendirme ad\u0131m\u0131n\u0131 i\u00e7erebilir.\u00a0 Y<span style=\"color: var( --e-global-color-text ); font-family: var( --e-global-typography-text-font-family ), Sans-serif; font-weight: var( --e-global-typography-text-font-weight );\">\u00fcksek hacimli \u00f6zde\u015f par\u00e7alar\u0131 h\u0131zl\u0131 bir \u015fekilde \u00fcretmenin en uygun maliyetli yollar\u0131ndan biri budur.<\/span><\/p>\t\t\t\t\t\t\t\t<\/div>\n\t\t\t\t<\/div>\n\t\t\t\t\t<\/div>\n\t\t<\/div>\n\t\t\t\t\t<\/div>\n\t\t<\/section>\n\t\t\t\t<div class=\"elementor-element elementor-element-5493808 elementor-widget elementor-widget-text-editor\" data-id=\"5493808\" data-element_type=\"widget\" data-widget_type=\"text-editor.default\">\n\t\t\t\t<div class=\"elementor-widget-container\">\n\t\t\t\t\t\t\t\t\t<h3 style=\"text-align: left;\">Sac metali \u015fekillendirmek i\u00e7in hangi makineler kullan\u0131l\u0131r?<\/h3>\t\t\t\t\t\t\t\t<\/div>\n\t\t\t\t<\/div>\n\t\t\t\t<section class=\"elementor-section elementor-inner-section elementor-element elementor-element-19ae0f4 elementor-section-boxed elementor-section-height-default elementor-section-height-default\" data-id=\"19ae0f4\" data-element_type=\"section\">\n\t\t\t\t\t\t<div class=\"elementor-container elementor-column-gap-default\">\n\t\t\t\t\t<div class=\"elementor-column elementor-col-100 elementor-inner-column elementor-element elementor-element-fcc1b34\" data-id=\"fcc1b34\" data-element_type=\"column\">\n\t\t\t<div class=\"elementor-widget-wrap elementor-element-populated\">\n\t\t\t\t\t\t<div class=\"elementor-element elementor-element-da5ea24 elementor-widget elementor-widget-image\" data-id=\"da5ea24\" data-element_type=\"widget\" data-widget_type=\"image.default\">\n\t\t\t\t<div class=\"elementor-widget-container\">\n\t\t\t\t\t\t\t\t\t\t\t\t\t\t\t<img fetchpriority=\"high\" decoding=\"async\" width=\"300\" height=\"169\" src=\"https:\/\/www.godepres.com\/wp-content\/uploads\/2025\/04\/1-300x169.webp\" class=\"attachment-medium size-medium wp-image-274\" alt=\"\" srcset=\"https:\/\/www.godepres.com\/wp-content\/uploads\/2025\/04\/1-300x169.webp 300w, https:\/\/www.godepres.com\/wp-content\/uploads\/2025\/04\/1-1024x577.webp 1024w, https:\/\/www.godepres.com\/wp-content\/uploads\/2025\/04\/1-768x433.webp 768w, https:\/\/www.godepres.com\/wp-content\/uploads\/2025\/04\/1-1536x865.webp 1536w, https:\/\/www.godepres.com\/wp-content\/uploads\/2025\/04\/1.webp 1640w\" sizes=\"(max-width: 300px) 100vw, 300px\" \/>\t\t\t\t\t\t\t\t\t\t\t\t\t\t\t<\/div>\n\t\t\t\t<\/div>\n\t\t\t\t<div class=\"elementor-element elementor-element-459664b elementor-widget elementor-widget-text-editor\" data-id=\"459664b\" data-element_type=\"widget\" data-widget_type=\"text-editor.default\">\n\t\t\t\t<div class=\"elementor-widget-container\">\n\t\t\t\t\t\t\t\t\t<p>Sac metali etkili bir \u015fekilde \u015fekillendirebilmek i\u00e7in binlerce kilogram bas\u0131n\u00e7 gereklidir. Bu, servo motorlu, krank ve hidrolik tahrikli presler gibi farkl\u0131 pres t\u00fcrleri kullan\u0131larak yap\u0131labilir. Ancak en yay\u0131n kullan\u0131lan\u0131 hava ile \u00e7al\u0131\u015fan krank tahrikli preslerdir.<\/p>\t\t\t\t\t\t\t\t<\/div>\n\t\t\t\t<\/div>\n\t\t\t\t\t<\/div>\n\t\t<\/div>\n\t\t\t\t\t<\/div>\n\t\t<\/section>\n\t\t\t\t\t<\/div>\n\t\t<\/div>\n\t\t\t\t\t<\/div>\n\t\t<\/section>\n\t\t\t\t<section class=\"elementor-section elementor-top-section elementor-element elementor-element-f0f8cc8 elementor-section-boxed elementor-section-height-default elementor-section-height-default\" data-id=\"f0f8cc8\" data-element_type=\"section\">\n\t\t\t\t\t\t<div class=\"elementor-container elementor-column-gap-default\">\n\t\t\t\t\t<div class=\"elementor-column elementor-col-100 elementor-top-column elementor-element elementor-element-1c36b94\" data-id=\"1c36b94\" data-element_type=\"column\">\n\t\t\t<div class=\"elementor-widget-wrap elementor-element-populated\">\n\t\t\t\t\t\t<section class=\"elementor-section elementor-inner-section elementor-element elementor-element-a33413b elementor-section-boxed elementor-section-height-default elementor-section-height-default\" data-id=\"a33413b\" data-element_type=\"section\">\n\t\t\t\t\t\t<div class=\"elementor-container elementor-column-gap-default\">\n\t\t\t\t\t<div class=\"elementor-column elementor-col-100 elementor-inner-column elementor-element elementor-element-9b2116b\" data-id=\"9b2116b\" data-element_type=\"column\">\n\t\t\t<div class=\"elementor-widget-wrap elementor-element-populated\">\n\t\t\t\t\t\t<div class=\"elementor-element elementor-element-aee0432 elementor-widget elementor-widget-image\" data-id=\"aee0432\" data-element_type=\"widget\" data-widget_type=\"image.default\">\n\t\t\t\t<div class=\"elementor-widget-container\">\n\t\t\t\t\t\t\t\t\t\t\t\t\t\t\t<img decoding=\"async\" width=\"300\" height=\"225\" src=\"https:\/\/www.godepres.com\/wp-content\/uploads\/2025\/04\/5-300x225.jpg\" class=\"attachment-medium size-medium wp-image-278\" alt=\"\" srcset=\"https:\/\/www.godepres.com\/wp-content\/uploads\/2025\/04\/5-300x225.jpg 300w, https:\/\/www.godepres.com\/wp-content\/uploads\/2025\/04\/5-1024x768.jpg 1024w, https:\/\/www.godepres.com\/wp-content\/uploads\/2025\/04\/5-768x576.jpg 768w, https:\/\/www.godepres.com\/wp-content\/uploads\/2025\/04\/5-1536x1152.jpg 1536w, https:\/\/www.godepres.com\/wp-content\/uploads\/2025\/04\/5-2048x1536.jpg 2048w\" sizes=\"(max-width: 300px) 100vw, 300px\" \/>\t\t\t\t\t\t\t\t\t\t\t\t\t\t\t<\/div>\n\t\t\t\t<\/div>\n\t\t\t\t<div class=\"elementor-element elementor-element-613e931 elementor-widget elementor-widget-text-editor\" data-id=\"613e931\" data-element_type=\"widget\" data-widget_type=\"text-editor.default\">\n\t\t\t\t<div class=\"elementor-widget-container\">\n\t\t\t\t\t\t\t\t\t<p>Yukar\u0131daki gibi hava ile \u00e7al\u0131\u015fan eksantrik presler, sac metal \u015fekillendirme i\u015flemlerinde hem h\u0131z hem de hassasiyet sa\u011flar. 10 tondan 250 tona kadar bask\u0131 kapasitesine sahip olan bu presler, d\u00fc\u015f\u00fck ve orta \u00f6l\u00e7ekli \u00fcretimlerde olduk\u00e7a yayg\u0131n olarak kullan\u0131l\u0131r.\u00a0<\/p>\t\t\t\t\t\t\t\t<\/div>\n\t\t\t\t<\/div>\n\t\t\t\t<div class=\"elementor-element elementor-element-a2ebff2 elementor-widget elementor-widget-text-editor\" data-id=\"a2ebff2\" data-element_type=\"widget\" data-widget_type=\"text-editor.default\">\n\t\t\t\t<div class=\"elementor-widget-container\">\n\t\t\t\t\t\t\t\t\t<p data-start=\"914\" data-end=\"940\">Otomotiv yedek par\u00e7alar\u0131, e<span style=\"color: var( --e-global-color-text ); font-family: var( --e-global-typography-text-font-family ), Sans-serif; font-weight: var( --e-global-typography-text-font-weight ); font-size: 1rem;\">lektrik pano ve kabin par\u00e7alar\u0131, b<\/span><span style=\"color: var( --e-global-color-text ); font-family: var( --e-global-typography-text-font-family ), Sans-serif; font-weight: var( --e-global-typography-text-font-weight ); font-size: 1rem;\">eyaz e\u015fya i\u00e7 saclar\u0131, m<\/span><span style=\"color: var( --e-global-color-text ); font-family: var( --e-global-typography-text-font-family ), Sans-serif; font-weight: var( --e-global-typography-text-font-weight ); font-size: 1rem;\">ente\u015fe, braket, ba\u011flant\u0131 par\u00e7alar\u0131, a<\/span><span style=\"color: var( --e-global-color-text ); font-family: var( --e-global-typography-text-font-family ), Sans-serif; font-weight: var( --e-global-typography-text-font-weight ); font-size: 1rem;\">yd\u0131nlatma armat\u00fcrleri, end\u00fcstriyel makine par\u00e7alar\u0131 gibi pek\u00e7ok \u00fcr\u00fcn imalat\u0131nda kullan\u0131lmaktad\u0131r. <\/span><\/p><p data-start=\"914\" data-end=\"940\"><span style=\"color: var( --e-global-color-text ); font-family: var( --e-global-typography-text-font-family ), Sans-serif; font-weight: var( --e-global-typography-text-font-weight ); font-size: 1rem;\">Avantajlar;<br \/><\/span><\/p><ul><li data-start=\"914\" data-end=\"940\">Daha d\u00fc\u015f\u00fck par\u00e7a fiyat<\/li><li data-start=\"914\" data-end=\"940\">Daha seri \u00fcretim imkan\u0131<\/li><li data-start=\"914\" data-end=\"940\">Tekrarlanabilir \u00fcretim ve tutarl\u0131 kalite<\/li><\/ul>\t\t\t\t\t\t\t\t<\/div>\n\t\t\t\t<\/div>\n\t\t\t\t\t<\/div>\n\t\t<\/div>\n\t\t\t\t\t<\/div>\n\t\t<\/section>\n\t\t\t\t\t<\/div>\n\t\t<\/div>\n\t\t\t\t\t<\/div>\n\t\t<\/section>\n\t\t\t\t<section class=\"elementor-section elementor-top-section elementor-element elementor-element-e8be842 elementor-section-boxed elementor-section-height-default elementor-section-height-default\" data-id=\"e8be842\" data-element_type=\"section\">\n\t\t\t\t\t\t<div class=\"elementor-container elementor-column-gap-default\">\n\t\t\t\t\t<div class=\"elementor-column elementor-col-100 elementor-top-column elementor-element elementor-element-49081bb\" data-id=\"49081bb\" data-element_type=\"column\">\n\t\t\t<div class=\"elementor-widget-wrap elementor-element-populated\">\n\t\t\t\t\t\t<div class=\"elementor-element elementor-element-5b286cd elementor-widget elementor-widget-text-editor\" data-id=\"5b286cd\" data-element_type=\"widget\" data-widget_type=\"text-editor.default\">\n\t\t\t\t<div class=\"elementor-widget-container\">\n\t\t\t\t\t\t\t\t\t<p>\u00dcretim s\u00fcrecinize \u00f6zel \u00e7\u00f6z\u00fcm aray\u0131\u015f\u0131nda m\u0131s\u0131n\u0131z? Projenizi birlikte de\u011ferlendirmek ve ihtiya\u00e7lar\u0131n\u0131za en uygun \u00e7\u00f6z\u00fcm\u00fc sunmak i\u00e7in bizimle ileti\u015fime ge\u00e7ebilirsiniz. T\u00fcm sorular\u0131n\u0131z i\u00e7in agunlar@godepres.com adresinden bize ula\u015fabilirsiniz.<\/p>\t\t\t\t\t\t\t\t<\/div>\n\t\t\t\t<\/div>\n\t\t\t\t\t<\/div>\n\t\t<\/div>\n\t\t\t\t\t<\/div>\n\t\t<\/section>\n\t\t\t\t<\/div>\n\t\t","protected":false},"excerpt":{"rendered":"<p>Gode \u0130htiya\u00e7lar\u0131n\u0131z \u0130\u00e7in Tek AdresMetalde size \u00f6zel \u00e7\u00f6z\u00fcmler! Hakk\u0131m\u0131zda Kal\u0131p ve eksantrik pres makineleri ile metal, tonlarca bas\u0131n\u00e7 alt\u0131nda \u015fekillendirilmektedir. Bu i\u015flem delme, b\u00fckme, kabartma ve flan\u015flama gibi bir\u00e7ok \u015fekillendirme ad\u0131m\u0131n\u0131 i\u00e7erebilir.\u00a0 Y\u00fcksek hacimli \u00f6zde\u015f par\u00e7alar\u0131 h\u0131zl\u0131 bir \u015fekilde \u00fcretmenin en uygun maliyetli yollar\u0131ndan biri budur. Sac metali \u015fekillendirmek i\u00e7in hangi makineler kullan\u0131l\u0131r? Sac metali [&hellip;]<\/p>\n","protected":false},"author":1,"featured_media":0,"parent":0,"menu_order":0,"comment_status":"closed","ping_status":"closed","template":"elementor_header_footer","meta":{"footnotes":""},"class_list":["post-71","page","type-page","status-publish","hentry"],"_links":{"self":[{"href":"https:\/\/www.godepres.com\/index.php?rest_route=\/wp\/v2\/pages\/71","targetHints":{"allow":["GET"]}}],"collection":[{"href":"https:\/\/www.godepres.com\/index.php?rest_route=\/wp\/v2\/pages"}],"about":[{"href":"https:\/\/www.godepres.com\/index.php?rest_route=\/wp\/v2\/types\/page"}],"author":[{"embeddable":true,"href":"https:\/\/www.godepres.com\/index.php?rest_route=\/wp\/v2\/users\/1"}],"replies":[{"embeddable":true,"href":"https:\/\/www.godepres.com\/index.php?rest_route=%2Fwp%2Fv2%2Fcomments&post=71"}],"version-history":[{"count":16,"href":"https:\/\/www.godepres.com\/index.php?rest_route=\/wp\/v2\/pages\/71\/revisions"}],"predecessor-version":[{"id":342,"href":"https:\/\/www.godepres.com\/index.php?rest_route=\/wp\/v2\/pages\/71\/revisions\/342"}],"wp:attachment":[{"href":"https:\/\/www.godepres.com\/index.php?rest_route=%2Fwp%2Fv2%2Fmedia&parent=71"}],"curies":[{"name":"wp","href":"https:\/\/api.w.org\/{rel}","templated":true}]}}